{"id":136,"date":"2020-11-02T16:05:30","date_gmt":"2020-11-02T15:05:30","guid":{"rendered":"https:\/\/hagerpress.de\/christianhager\/?page_id=136"},"modified":"2025-08-18T10:51:26","modified_gmt":"2025-08-18T08:51:26","slug":"vita","status":"publish","type":"page","link":"https:\/\/hagerpress.de\/christianhager\/vita\/","title":{"rendered":"Vita"},"content":{"rendered":"\n<p><\/p>\n\n\n<div class=\"clearfix post-541 page type-page status-publish hentry\">\n<p>Der geb\u00fcrtige \u00d6sterreicher <strong>Christian Hager<\/strong> lebt und arbeitet seit 30 Jahren in Deutschland als professioneller Fotograf. Er erlernte das Fotografen-Handwerk \u201cvon der Pieke auf\u201d, absolvierte die Meisterpr\u00fcfung als Fotograf und er\u00f6ffnete in Frankfurt am Main ein Fotostudio f\u00fcr Werbung und Industrie, das er 10 Jahre lang f\u00fchrte.<\/p>\n<p>Neben seiner Arbeit als Fotograf hat er viele Jahre den \u00dcbergang von der analogen in die digitale Fotografie\u00a0 f\u00fcr renommierte internationale Unternehmen mit Seminaren, Beratungs- und Schulungsauftr\u00e4gen, sowie Workshops in Bildbearbeitung und digitalen Workflow begleitet.<\/p>\n<div class=\"v3U01d\">\n<p class=\"swFHJd\" lang=\"de\">Seine journalistische Bildkonzeption in der Unternehmensfotografie, die sich durch hohe Glaubw\u00fcrdigkeit auszeichnet, wird von vielen seiner Kunden gesch\u00e4tzt und gefragt.<\/p>\n<\/div>\n<p>Seit 1997 lebt Christian Hager in der N\u00e4he von Hamburg und arbeitet als freiberuflicher Fotograf und Fotojournalist f\u00fcr namhafte Unternehmen, sowie f\u00fcr nationale und internationale Bild- und Nachrichtenagenturen. <strong> <br \/><span style=\"color: #3366ff;\">\u2013\u2013&gt; <\/span><a href=\"https:\/\/hagerpress.de\/christianhager\/veroeffentlichungen-publications\/\">Referenzen<\/a><\/strong><\/p>\n<p><a href=\"#englishtext\">English text below<\/a><\/p>\n<p><img loading=\"lazy\" decoding=\"async\" class=\"size-full wp-image-563 aligncenter\" src=\"https:\/\/hagerpress.de\/christianhager\/wp-content\/uploads\/2020\/11\/2017004019_hager_head.jpg\" alt=\"\" width=\"1024\" height=\"367\" srcset=\"https:\/\/hagerpress.de\/wp-content\/uploads\/2020\/11\/2017004019_hager_head.jpg 1024w, https:\/\/hagerpress.de\/wp-content\/uploads\/2020\/11\/2017004019_hager_head-300x108.jpg 300w, https:\/\/hagerpress.de\/wp-content\/uploads\/2020\/11\/2017004019_hager_head-768x275.jpg 768w\" sizes=\"auto, (max-width: 1024px) 100vw, 1024px\" \/><\/p>\n<p><a name=\"englishtext\"><\/a><\/p>\n<p><strong>Christian Hager<\/strong> was born in Austria and lives and works since 30 years in Germany as a professional photographer. He has learned the profession from the ground up, passed his photographer mastership examination and opened in Frankfurt am Main a photo studio for advertising and industry, which he managed for 10 years.<\/p>\n<p>Besides his work as a photographer, he has accompanied many years the transition from analog to digital photography by offering advice and training assignments for leading international companies with seminars, workshops and training courses in image processing and digital workfow.<\/p>\n<p>His journalistic image conception in corporate photography, which is characterized by high credibility, is valued and asked for by many of his customers.<\/p>\n<p>Since 1997 Christian Hager lives near Hamburg and works as an freelance photographer and photo journalist for major companies, national and international photo and newswire agencies. <br \/><strong><span style=\"color: #3366ff;\">\u2013\u2013&gt;<\/span> <a href=\"https:\/\/hagerpress.de\/christianhager\/veroeffentlichungen-publications\/\">Credentials<\/a><\/strong><\/p>\n<p><a name=\"englishtext\"><\/a><\/p>\n<\/div>","protected":false},"excerpt":{"rendered":"<p>Der geb\u00fcrtige \u00d6sterreicher Christian Hager lebt und arbeitet seit 30 Jahren in Deutschland als professioneller Fotograf. Er erlernte das Fotografen-Handwerk \u201cvon der Pieke auf\u201d, absolvierte die Meisterpr\u00fcfung als Fotograf und er\u00f6ffnete in Frankfurt am Main ein Fotostudio f\u00fcr Werbung und Industrie, das er 10 Jahre lang f\u00fchrte. Neben seiner Arbeit [&hellip;]<\/p>\n","protected":false},"author":1,"featured_media":0,"parent":0,"menu_order":4,"comment_status":"closed","ping_status":"closed","template":"template-page-fullwidth.php","meta":{"footnotes":""},"class_list":["post-136","page","type-page","status-publish","hentry"],"_links":{"self":[{"href":"https:\/\/hagerpress.de\/christianhager\/wp-json\/wp\/v2\/pages\/136","targetHints":{"allow":["GET"]}}],"collection":[{"href":"https:\/\/hagerpress.de\/christianhager\/wp-json\/wp\/v2\/pages"}],"about":[{"href":"https:\/\/hagerpress.de\/christianhager\/wp-json\/wp\/v2\/types\/page"}],"author":[{"embeddable":true,"href":"https:\/\/hagerpress.de\/christianhager\/wp-json\/wp\/v2\/users\/1"}],"replies":[{"embeddable":true,"href":"https:\/\/hagerpress.de\/christianhager\/wp-json\/wp\/v2\/comments?post=136"}],"version-history":[{"count":23,"href":"https:\/\/hagerpress.de\/christianhager\/wp-json\/wp\/v2\/pages\/136\/revisions"}],"predecessor-version":[{"id":2076,"href":"https:\/\/hagerpress.de\/christianhager\/wp-json\/wp\/v2\/pages\/136\/revisions\/2076"}],"wp:attachment":[{"href":"https:\/\/hagerpress.de\/christianhager\/wp-json\/wp\/v2\/media?parent=136"}],"curies":[{"name":"wp","href":"https:\/\/api.w.org\/{rel}","templated":true}]}}