{"id":149,"date":"2020-11-02T16:19:43","date_gmt":"2020-11-02T15:19:43","guid":{"rendered":"https:\/\/hagerpress.de\/christianhager\/?page_id=149"},"modified":"2025-03-02T16:18:02","modified_gmt":"2025-03-02T15:18:02","slug":"imprint-contact","status":"publish","type":"page","link":"https:\/\/hagerpress.de\/christianhager\/imprint-contact\/","title":{"rendered":"Imprint \u2022 Contact"},"content":{"rendered":"<p><strong>VERANTWORTLICH F\u00dcR DEN INHALT<\/strong><br \/>\n<strong>UND ANSPRECHPARTNER \u2022<\/strong><br \/>\n<strong>RESPONSIBLE FOR THE CONTENTS<\/strong><br \/>\n<strong>AND CONTACT PERSON:<\/strong><\/p>\n<p>Christian Hager<br \/>\nWetternweg 3<br \/>\n21710 Engelschoff<br \/>\nGermany<br \/>\nMOBILE +49 172 690 2386<br \/>\nMAIL &#104;&#x61;&#103;&#x65;r&#x40;h&#97;&#x67;&#101;&#x72;&#112;&#x72;e&#x73;s&#46;&#x64;&#101;<\/p>\n<p>&nbsp;<\/p>\n<p><strong>\u2022 TERMS AND DISCLAIMER<\/strong><br \/>\n<strong>Haftungsausschluss<\/strong><\/p>\n<p>(Disclaimer) Quelle: eRecht24.de \u2013 Internetrecht von Rechtsanwalt<br \/>\nS\u00f6ren Siebert<\/p>\n<p><strong>Haftung f\u00fcr Inhalte<\/strong><br \/>\nDie Inhalte unserer Seiten wurden mit gr\u00f6\u00dfter Sorgfalt<br \/>\nerstellt. F\u00fcr die Richtigkeit, Vollst\u00e4ndigkeit und Aktualit\u00e4t<br \/>\nder Inhalte k\u00f6nnen wir jedoch keine Gew\u00e4hr \u00fcbernehmen.<br \/>\nAls Diensteanbieter sind wir gem\u00e4\u00df \u00a7 7 Abs.1 TMG f\u00fcr<br \/>\neigene Inhalte auf diesen Seiten nach den allgemeinen Gesetzen verantwortlich. Nach \u00a7\u00a7 8 bis 10 TMG sind wir als Diensteanbieter jedoch nicht verpflichtet, \u00fcbermittelte oder gespeicherte fremde Informationen<br \/>\nzu \u00fcberwachen oder nach Umst\u00e4nden zu forschen, die auf eine<br \/>\nrechtswidrige T\u00e4tigkeit hinweisen. Verpflichtungen zur Entfernung<br \/>\noder Sperrung der Nutzung von Informationen nach den allgemeinen Gesetzen bleiben hiervon unber\u00fchrt. Eine diesbez\u00fcgliche Haftung ist jedoch erst ab dem Zeitpunkt der Kenntnis einer konkreten Rechtsverletzung m\u00f6glich. Bei bekannt werden von entsprechenden Rechtsverletzungen werden wir diese Inhalte umgehend entfernen.<\/p>\n<p><strong>Haftung f\u00fcr Links<\/strong><br \/>\nUnser Angebot enth\u00e4lt Links zu externen Webseiten Dritter, auf deren<br \/>\nInhalte wir keinen Einfluss haben. Deshalb k\u00f6nnen wir f\u00fcr diese fremden Inhalte auch keine Gew\u00e4hr \u00fcbernehmen. F\u00fcr die Inhalte der verlinkten Seiten ist stets der jeweilige Anbieter oder Betreiber der Seiten verantwortlich. Die verlinkten Seiten wurden zum Zeitpunkt<br \/>\nder Verlinkung auf m\u00f6gliche Rechtsverst\u00f6\u00dfe \u00fcberpr\u00fcft. Rechtswidrige Inhalte waren zum Zeitpunkt der Verlinkung nicht erkennbar. Eine permanente inhaltliche Kontrolle der verlinkten Seiten ist jedoch ohne konkrete Anhaltspunkte einer Rechtsverletzung nicht zumutbar. Bei Bekanntwerden von Rechtsverletzungen werden wir derartige Links umgehend entfernen.<\/p>\n<p><strong>Urheberrecht<\/strong><br \/>\nDie durch die Seitenbetreiber erstellten Inhalte und Werke auf diesen Seiten unterliegen dem deutschen Urheberrecht. Die Vervielf\u00e4ltigung, Bearbeitung, Verbreitung und jede Art der Verwertung au\u00dferhalb der Grenzen des Urheberrechtes bed\u00fcrfen der schriftlichen Zustimmung des jeweiligen Autors bzw. Erstellers. Downloads und Kopien dieser Seite sind nur f\u00fcr den privaten, nicht kommerziellen Gebrauch gestattet. Soweit die Inhalte auf dieser Seite nicht vom Betreiber erstellt wurden, werden die Urheberrechte Dritter beachtet. Insbesondere werden Inhalte Dritter als solche gekennzeichnet. Sollten Sie trotzdem auf eine Urheberrechtsverletzung aufmerksam werden, bitten wir um einen entsprechenden Hinweis. Bei Bekanntwerden von Rechtsverletzungen werden wir derartige Inhalte umgehend entfernen.<\/p>\n<p><strong>Datenschutz<\/strong><br \/>\nDie Nutzung unserer Webseite ist in der Regel ohne Angabe personenbezogener Daten m\u00f6glich. Soweit auf unseren Seiten personenbezogene Daten (beispielsweise Name, Anschrift oder eMail-Adressen) erhoben werden, erfolgt dies, soweit m\u00f6glich, stets auf freiwilliger Basis. Diese Daten werden ohne Ihre ausdr\u00fcckliche Zustimmung nicht an Dritte weitergegeben. Wir weisen darauf hin, dass die Daten\u00fcbertragung im Internet (z.B. bei der Kommunikation per E-Mail) Sicherheitsl\u00fccken aufweisen kann. Ein l\u00fcckenloser Schutz der Daten vor dem Zugriff durch Dritte ist nicht m\u00f6glich. Der Nutzung von im Rahmen der Impressumspflicht ver\u00f6ffentlichten Kontaktdaten durch Dritte zur \u00dcbersendung von nicht ausdr\u00fccklich angeforderter Werbung und Informationsmaterialien wird hiermit ausdr\u00fccklich widersprochen. Die Betreiber der Seiten behalten sich ausdr\u00fccklich rechtliche Schritte im Falle der unverlangten Zusendung von Werbeinformationen, etwa durch Spam-Mails, vor.<\/p>\n<p><strong><span style=\"color: #ff0000;\">_ _ _<\/span><\/strong><br \/>\nMit \u00dcbertragung der Nutzungsrechte von Bildmaterial \u00fcbernimmt der Auftraggeber die Verantwortung f\u00fcr Verbreitung, Ver\u00f6ffentlichung und Verarbeitung personenbezogener Daten nach DSGVO Richtlinien von in den Bildern abgebildeter Personen.<\/p>\n<p><strong><span style=\"color: #ff0000;\">_ _ _<\/span><\/strong><br \/>\n<strong>Akismet Anti-Spam<\/strong><br \/>\nDiese Website benutzt das Akismet-Plugin der Automattic Inc., 60 29th Street #343, San Francisco, CA 94110-4929, USA. Mit Hilfe dieses Plugins werden Kommentare von echten Menschen von Spam-Kommentaren unterschieden. Dazu werden alle Kommentarangaben an einen Server in den USA verschickt, wo sie analysiert und f\u00fcr Vergleichszwecke vier Tage lang gespeichert werden. Ist ein Kommentar als Spam eingestuft worden, werden die Daten \u00fcber diese Zeit hinaus gespeichert. Zu diesen Angaben geh\u00f6ren der eingegebene Name, die Emailadresse, die IP-Adresse, der Kommentarinhalt, der Referrer, Angaben zum verwendeten Browser sowie dem Computersystem und die Zeit des Eintrags. Sie k\u00f6nnen gerne Pseudonyme nutzen, oder auf die Eingabe des Namens oder der Emailadresse verzichten. Sie k\u00f6nnen die \u00dcbertragung der Daten komplett verhindern, in dem Sie unser Kommentarsystem nicht nutzen. Das w\u00e4re schade, aber leider sehen wir sonst keine Alternativen, die ebenso effektiv arbeiten. Sie k\u00f6nnen der Nutzung Ihrer Daten f\u00fcr die Zukunft unter &#x73;&#x75;&#x70;&#x70;&#x6f;&#x72;&#x74;&#x40;&#x77;&#x6f;&#x72;&#x64;&#x70;&#x72;&#x65;&#x73;&#x73;&#x2e;&#x63;&#x6f;&#x6d;, Betreff \u201cDeletion of Data stored by Akismet\u201d unter Angabe\/Beschreibung der gespeicherten Daten widersprechen.<\/p>\n","protected":false},"excerpt":{"rendered":"<p>VERANTWORTLICH F\u00dcR DEN INHALT UND ANSPRECHPARTNER \u2022 RESPONSIBLE FOR THE CONTENTS AND CONTACT PERSON: Christian Hager Wetternweg 3 21710 Engelschoff Germany MOBILE +49 172 690 2386 MAIL &#x68;&#97;g&#x65;&#114;&#64;&#x68;&#x61;&#103;e&#x72;&#112;r&#x65;&#x73;&#115;&#46;&#x64;&#101; &nbsp; \u2022 TERMS AND DISCLAIMER Haftungsausschluss (Disclaimer) Quelle: eRecht24.de \u2013 Internetrecht von Rechtsanwalt S\u00f6ren Siebert Haftung f\u00fcr Inhalte Die Inhalte unserer Seiten [&hellip;]<\/p>\n","protected":false},"author":1,"featured_media":0,"parent":0,"menu_order":3,"comment_status":"closed","ping_status":"closed","template":"template-page-fullwidth.php","meta":{"footnotes":""},"class_list":["post-149","page","type-page","status-publish","hentry"],"_links":{"self":[{"href":"https:\/\/hagerpress.de\/christianhager\/wp-json\/wp\/v2\/pages\/149","targetHints":{"allow":["GET"]}}],"collection":[{"href":"https:\/\/hagerpress.de\/christianhager\/wp-json\/wp\/v2\/pages"}],"about":[{"href":"https:\/\/hagerpress.de\/christianhager\/wp-json\/wp\/v2\/types\/page"}],"author":[{"embeddable":true,"href":"https:\/\/hagerpress.de\/christianhager\/wp-json\/wp\/v2\/users\/1"}],"replies":[{"embeddable":true,"href":"https:\/\/hagerpress.de\/christianhager\/wp-json\/wp\/v2\/comments?post=149"}],"version-history":[{"count":8,"href":"https:\/\/hagerpress.de\/christianhager\/wp-json\/wp\/v2\/pages\/149\/revisions"}],"predecessor-version":[{"id":2062,"href":"https:\/\/hagerpress.de\/christianhager\/wp-json\/wp\/v2\/pages\/149\/revisions\/2062"}],"wp:attachment":[{"href":"https:\/\/hagerpress.de\/christianhager\/wp-json\/wp\/v2\/media?parent=149"}],"curies":[{"name":"wp","href":"https:\/\/api.w.org\/{rel}","templated":true}]}}